{"id":10066,"date":"2026-04-04T04:29:41","date_gmt":"2026-04-04T04:29:41","guid":{"rendered":"https:\/\/deliry.com\/?page_id=10066"},"modified":"2026-05-01T20:20:10","modified_gmt":"2026-05-01T20:20:10","slug":"oiseaux","status":"publish","type":"page","link":"https:\/\/deliry.com\/?page_id=10066","title":{"rendered":"Oiseaux ou Reptiles aviens"},"content":{"rendered":"\n<blockquote class=\"wp-block-quote is-layout-flow wp-block-quote-is-layout-flow\">\n<p><a href=\"https:\/\/deliry.com\/?p=9836\" data-type=\"post\" data-id=\"9836\">Faune<\/a> &gt; <a href=\"https:\/\/deliry.com\/?p=11324\" data-type=\"post\" data-id=\"11324\">Vert\u00e9br\u00e9s<\/a> &gt; <a href=\"https:\/\/deliry.com\/?p=10927\" data-type=\"post\" data-id=\"10927\">Reptiles<\/a> aviens<\/p>\n<\/blockquote>\n\n\n\n<figure class=\"wp-block-embed is-type-wp-embed is-provider-histoires-naturelles wp-block-embed-histoires-naturelles\"><div class=\"wp-block-embed__wrapper\">\n<blockquote class=\"wp-embedded-content\" data-secret=\"vpNpJzal7J\"><a href=\"https:\/\/deliry.com\/?p=10099\">Notes d&rsquo;ornithologie fran\u00e7aise au gr\u00e8s de quelques lectures<\/a><\/blockquote><iframe loading=\"lazy\" class=\"wp-embedded-content\" sandbox=\"allow-scripts\" security=\"restricted\" style=\"position: absolute; visibility: hidden;\" title=\"\u00ab\u00a0Notes d&rsquo;ornithologie fran\u00e7aise au gr\u00e8s de quelques lectures\u00a0\u00bb &#8212; Histoires Naturelles\" src=\"https:\/\/deliry.com\/?p=10099&#038;embed=true#?secret=xxy0Q7nohL#?secret=vpNpJzal7J\" data-secret=\"vpNpJzal7J\" width=\"600\" height=\"338\" frameborder=\"0\" marginwidth=\"0\" marginheight=\"0\" scrolling=\"no\"><\/iframe>\n<\/div><\/figure>\n\n\n\n<hr class=\"wp-block-separator has-alpha-channel-opacity is-style-wide\"\/>\n\n\n\n<p style=\"font-size:25px\">Oiseaux nicheurs tr\u00e8s menac\u00e9s de France (2016)<sup data-fn=\"37bc0a96-44ad-45b0-80a4-726380ab363b\" class=\"fn\"><a href=\"#37bc0a96-44ad-45b0-80a4-726380ab363b\" id=\"37bc0a96-44ad-45b0-80a4-726380ab363b-link\">1<\/a><\/sup><\/p>\n\n\n\n<p><strong>EX <\/strong>&#8211; <em>Pinguinus impennis <\/em>[EX Eu] &#8211; <strong>RE <\/strong>&#8211; <em>Eudromias morinellus \u2013 Marmaronetta angustirostris \u2013 Oenanthe leucura \u2013 Otis tarda \u2013 Oxyura leucocephala<\/em> &#8211; <strong>CR<\/strong> \u2013 <em>Alca torda \u2013 Fratercula arctica \u2013 Galinago gallinago \u2013 Grus grus \u2013 Haliaeetus albicilla \u2013 Hydrobates pelagicus melitensis \u2013 Lanius minor \u2013 Mergus serrator \u2013 Picoides tridactylus \u2013 Podiceps grisegena \u2013 Porzana parva \u2013 Porzana pusilla \u2013 Pterocles alchata \u2013 Remiz pendulinus \u2013 Somateria mollissima \u2013 Sterna dougalii \u2013 Sterna paradisaea \u2013 Tetrax tetrax<\/em><\/p>\n\n\n\n<hr class=\"wp-block-separator has-alpha-channel-opacity is-style-wide\"\/>\n\n\n\n<figure class=\"wp-block-embed is-type-wp-embed is-provider-histoires-naturelles wp-block-embed-histoires-naturelles\"><div class=\"wp-block-embed__wrapper\">\n<blockquote class=\"wp-embedded-content\" data-secret=\"n6pV4DaKp6\"><a href=\"https:\/\/deliry.com\/?p=10766\">Accenteur mouchet<\/a><\/blockquote><iframe loading=\"lazy\" class=\"wp-embedded-content\" sandbox=\"allow-scripts\" security=\"restricted\" style=\"position: absolute; visibility: hidden;\" title=\"\u00ab\u00a0Accenteur mouchet\u00a0\u00bb &#8212; Histoires Naturelles\" src=\"https:\/\/deliry.com\/?p=10766&#038;embed=true#?secret=wzNhlDphQt#?secret=n6pV4DaKp6\" data-secret=\"n6pV4DaKp6\" width=\"600\" height=\"338\" frameborder=\"0\" marginwidth=\"0\" marginheight=\"0\" scrolling=\"no\"><\/iframe>\n<\/div><\/figure>\n\n\n\n<figure class=\"wp-block-embed is-type-wp-embed is-provider-histoires-naturelles wp-block-embed-histoires-naturelles\"><div class=\"wp-block-embed__wrapper\">\n<blockquote class=\"wp-embedded-content\" data-secret=\"gHmJpbpAIW\"><a href=\"https:\/\/deliry.com\/?p=10063\">Huppe fasci\u00e9e<\/a><\/blockquote><iframe loading=\"lazy\" class=\"wp-embedded-content\" sandbox=\"allow-scripts\" security=\"restricted\" style=\"position: absolute; visibility: hidden;\" title=\"\u00ab\u00a0Huppe fasci\u00e9e\u00a0\u00bb &#8212; Histoires Naturelles\" src=\"https:\/\/deliry.com\/?p=10063&#038;embed=true#?secret=WAsNbGvwSr#?secret=gHmJpbpAIW\" data-secret=\"gHmJpbpAIW\" width=\"600\" height=\"338\" frameborder=\"0\" marginwidth=\"0\" marginheight=\"0\" scrolling=\"no\"><\/iframe>\n<\/div><\/figure>\n\n\n\n<figure class=\"wp-block-embed is-type-wp-embed is-provider-histoires-naturelles wp-block-embed-histoires-naturelles\"><div class=\"wp-block-embed__wrapper\">\n<blockquote class=\"wp-embedded-content\" data-secret=\"rUiA8y4nJI\"><a href=\"https:\/\/deliry.com\/?p=1992\">Moineau friquet<\/a><\/blockquote><iframe loading=\"lazy\" class=\"wp-embedded-content\" sandbox=\"allow-scripts\" security=\"restricted\" style=\"position: absolute; visibility: hidden;\" title=\"\u00ab\u00a0Moineau friquet\u00a0\u00bb &#8212; Histoires Naturelles\" src=\"https:\/\/deliry.com\/?p=1992&#038;embed=true#?secret=mF9MB1UVPS#?secret=rUiA8y4nJI\" data-secret=\"rUiA8y4nJI\" width=\"600\" height=\"338\" frameborder=\"0\" marginwidth=\"0\" marginheight=\"0\" scrolling=\"no\"><\/iframe>\n<\/div><\/figure>\n\n\n\n<figure class=\"wp-block-embed is-type-wp-embed is-provider-histoires-naturelles wp-block-embed-histoires-naturelles\"><div class=\"wp-block-embed__wrapper\">\n<blockquote class=\"wp-embedded-content\" data-secret=\"vpNpJzal7J\"><a href=\"https:\/\/deliry.com\/?p=10099\">Notes d&rsquo;ornithologie fran\u00e7aise au gr\u00e8s de quelques lectures<\/a><\/blockquote><iframe loading=\"lazy\" class=\"wp-embedded-content\" sandbox=\"allow-scripts\" security=\"restricted\" style=\"position: absolute; visibility: hidden;\" title=\"\u00ab\u00a0Notes d&rsquo;ornithologie fran\u00e7aise au gr\u00e8s de quelques lectures\u00a0\u00bb &#8212; Histoires Naturelles\" src=\"https:\/\/deliry.com\/?p=10099&#038;embed=true#?secret=xxy0Q7nohL#?secret=vpNpJzal7J\" data-secret=\"vpNpJzal7J\" width=\"600\" height=\"338\" frameborder=\"0\" marginwidth=\"0\" marginheight=\"0\" scrolling=\"no\"><\/iframe>\n<\/div><\/figure>\n\n\n\n<hr class=\"wp-block-separator has-alpha-channel-opacity is-style-wide\"\/>\n\n\n<ol class=\"wp-block-footnotes\"><li id=\"37bc0a96-44ad-45b0-80a4-726380ab363b\"><em>Anser fabalis fabalis <\/em>est tr\u00e8s menac\u00e9e sur la p\u00e9riode internuptial (<strong>RE <\/strong>2016). <a href=\"#37bc0a96-44ad-45b0-80a4-726380ab363b-link\" aria-label=\"Aller \u00e0 la note de bas de page 1\">\u21a9\ufe0e<\/a><\/li><\/ol>","protected":false},"excerpt":{"rendered":"<p>Faune &gt; Vert\u00e9br\u00e9s &gt; Reptiles aviens Oiseaux nicheurs tr\u00e8s menac\u00e9s de France (2016) EX &#8211; Pinguinus impennis [EX Eu] &#8211; RE &#8211; Eudromias morinellus \u2013 &hellip; <\/p>\n","protected":false},"author":1,"featured_media":0,"parent":0,"menu_order":0,"comment_status":"closed","ping_status":"closed","template":"","meta":{"footnotes":"[{\"content\":\"<em>Anser fabalis fabalis <\/em>est tr\u00e8s menac\u00e9e sur la p\u00e9riode internuptial (<strong>RE <\/strong>2016).\",\"id\":\"37bc0a96-44ad-45b0-80a4-726380ab363b\"}]"},"class_list":["post-10066","page","type-page","status-publish","hentry"],"_links":{"self":[{"href":"https:\/\/deliry.com\/index.php?rest_route=\/wp\/v2\/pages\/10066","targetHints":{"allow":["GET"]}}],"collection":[{"href":"https:\/\/deliry.com\/index.php?rest_route=\/wp\/v2\/pages"}],"about":[{"href":"https:\/\/deliry.com\/index.php?rest_route=\/wp\/v2\/types\/page"}],"author":[{"embeddable":true,"href":"https:\/\/deliry.com\/index.php?rest_route=\/wp\/v2\/users\/1"}],"replies":[{"embeddable":true,"href":"https:\/\/deliry.com\/index.php?rest_route=%2Fwp%2Fv2%2Fcomments&post=10066"}],"version-history":[{"count":15,"href":"https:\/\/deliry.com\/index.php?rest_route=\/wp\/v2\/pages\/10066\/revisions"}],"predecessor-version":[{"id":11983,"href":"https:\/\/deliry.com\/index.php?rest_route=\/wp\/v2\/pages\/10066\/revisions\/11983"}],"wp:attachment":[{"href":"https:\/\/deliry.com\/index.php?rest_route=%2Fwp%2Fv2%2Fmedia&parent=10066"}],"curies":[{"name":"wp","href":"https:\/\/api.w.org\/{rel}","templated":true}]}}