{"id":10079,"date":"2026-03-27T05:02:41","date_gmt":"2026-03-27T05:02:41","guid":{"rendered":"https:\/\/deliry.com\/?page_id=10079"},"modified":"2026-04-04T05:13:34","modified_gmt":"2026-04-04T05:13:34","slug":"grande-provence","status":"publish","type":"page","link":"https:\/\/deliry.com\/?page_id=10079","title":{"rendered":"Biodiversit\u00e9 de la Grande Provence"},"content":{"rendered":"\n<blockquote class=\"wp-block-quote is-layout-flow wp-block-quote-is-layout-flow\">\n<p><a href=\"https:\/\/deliry.com\/?page_id=9\" data-type=\"page\" data-id=\"9\">Accueil des Histoires Naturelles<\/a><\/p>\n\n\n\n<p><a href=\"https:\/\/deliry.com\/?page_id=9940\" data-type=\"page\" data-id=\"9940\">France<\/a><\/p>\n<\/blockquote>\n\n\n\n<p>Cette grande r\u00e9gion est d\u00e9sign\u00e9e r\u00e9guli\u00e8rement sous le nom de <strong>Provence Alpes C\u00f4te-d&rsquo;Azur<\/strong> ou PACA. Provence ou Grand Provence, fait ma pr\u00e9f\u00e9rence.<\/p>\n\n\n\n<p class=\"has-text-align-center has-pale-ocean-gradient-background has-background\">Alpes-de-Haute-Provence &#8211; Alpes-Maritimes&nbsp;&#8211;&nbsp;Bouches-du-Rh\u00f4ne&nbsp;&#8211;&nbsp;<a href=\"https:\/\/deliry.com\/?page_id=8571\" data-type=\"page\" data-id=\"8571\">Hautes-Alpes<\/a> &#8211; Var &#8211; Vaucluse<\/p>\n\n\n\n<figure class=\"wp-block-embed is-type-wp-embed is-provider-histoires-naturelles wp-block-embed-histoires-naturelles\"><div class=\"wp-block-embed__wrapper\">\n<blockquote class=\"wp-embedded-content\" data-secret=\"GdRehSJLNM\"><a href=\"https:\/\/deliry.com\/?p=547\">Point sur les Odonates patrimoniaux de Provence (Paca) au 21 f\u00e9vrier 2002<\/a><\/blockquote><iframe loading=\"lazy\" class=\"wp-embedded-content\" sandbox=\"allow-scripts\" security=\"restricted\" style=\"position: absolute; visibility: hidden;\" title=\"\u00ab\u00a0Point sur les Odonates patrimoniaux de Provence (Paca) au 21 f\u00e9vrier 2002\u00a0\u00bb &#8212; Histoires Naturelles\" src=\"https:\/\/deliry.com\/?p=547&#038;embed=true#?secret=0MZYJHeT2l#?secret=GdRehSJLNM\" data-secret=\"GdRehSJLNM\" width=\"600\" height=\"338\" frameborder=\"0\" marginwidth=\"0\" marginheight=\"0\" scrolling=\"no\"><\/iframe>\n<\/div><\/figure>\n\n\n\n<p style=\"font-size:25px\">Oiseaux<\/p>\n\n\n\n<ul class=\"wp-block-list\">\n<li><strong>L\u2019Hermitte J. 1916<\/strong>\u00a0\u2013 Contribution \u00e0 l\u2019\u00e9tude ornithologique de la Provence (suite). \u2013\u00a0<em>Revue fran\u00e7aise d\u2019Ornithologie,<\/em>\u00a083-90.<\/li>\n<\/ul>\n","protected":false},"excerpt":{"rendered":"<p>Accueil des Histoires Naturelles France Cette grande r\u00e9gion est d\u00e9sign\u00e9e r\u00e9guli\u00e8rement sous le nom de Provence Alpes C\u00f4te-d&rsquo;Azur ou PACA. Provence ou Grand Provence, fait &hellip; <\/p>\n","protected":false},"author":1,"featured_media":0,"parent":0,"menu_order":0,"comment_status":"closed","ping_status":"closed","template":"","meta":{"footnotes":""},"class_list":["post-10079","page","type-page","status-publish","hentry"],"_links":{"self":[{"href":"https:\/\/deliry.com\/index.php?rest_route=\/wp\/v2\/pages\/10079","targetHints":{"allow":["GET"]}}],"collection":[{"href":"https:\/\/deliry.com\/index.php?rest_route=\/wp\/v2\/pages"}],"about":[{"href":"https:\/\/deliry.com\/index.php?rest_route=\/wp\/v2\/types\/page"}],"author":[{"embeddable":true,"href":"https:\/\/deliry.com\/index.php?rest_route=\/wp\/v2\/users\/1"}],"replies":[{"embeddable":true,"href":"https:\/\/deliry.com\/index.php?rest_route=%2Fwp%2Fv2%2Fcomments&post=10079"}],"version-history":[{"count":7,"href":"https:\/\/deliry.com\/index.php?rest_route=\/wp\/v2\/pages\/10079\/revisions"}],"predecessor-version":[{"id":11001,"href":"https:\/\/deliry.com\/index.php?rest_route=\/wp\/v2\/pages\/10079\/revisions\/11001"}],"wp:attachment":[{"href":"https:\/\/deliry.com\/index.php?rest_route=%2Fwp%2Fv2%2Fmedia&parent=10079"}],"curies":[{"name":"wp","href":"https:\/\/api.w.org\/{rel}","templated":true}]}}