{"id":775,"date":"2026-03-21T13:50:51","date_gmt":"2026-03-21T13:50:51","guid":{"rendered":"https:\/\/deliry.com\/?page_id=775"},"modified":"2026-03-27T06:19:38","modified_gmt":"2026-03-27T06:19:38","slug":"a-propos","status":"publish","type":"page","link":"https:\/\/deliry.com\/?page_id=775","title":{"rendered":"\u00c0 propos&#8230; des Histoires Naturelles"},"content":{"rendered":"\n<blockquote class=\"wp-block-quote is-layout-flow wp-block-quote-is-layout-flow\">\n<p><a href=\"https:\/\/deliry.com\/?page_id=9\" data-type=\"page\" data-id=\"9\">Accueil des Histoires Naturelles<\/a><\/p>\n<\/blockquote>\n\n\n<div class=\"wp-block-image\">\n<figure class=\"alignright size-full is-resized\"><img loading=\"lazy\" decoding=\"async\" width=\"340\" height=\"340\" src=\"https:\/\/deliry.com\/wp-content\/uploads\/2026\/02\/GPS2026sm.png\" alt=\"\" class=\"wp-image-9182\" style=\"width:180px\" srcset=\"https:\/\/deliry.com\/wp-content\/uploads\/2026\/02\/GPS2026sm.png 340w, https:\/\/deliry.com\/wp-content\/uploads\/2026\/02\/GPS2026sm-300x300.png 300w, https:\/\/deliry.com\/wp-content\/uploads\/2026\/02\/GPS2026sm-150x150.png 150w\" sizes=\"auto, (max-width: 340px) 100vw, 340px\" \/><\/figure>\n<\/div>\n\n\n<p>D\u00e8s 1985, nomm\u00e9es <em><a href=\"https:\/\/deliry.com\/?p=1566\" data-type=\"post\" data-id=\"1566\">Histoires Naturelles du Grand P\u00e8re Soulcie<\/a><\/em>, mes pages sont devenues tout simplement les <strong><em>Histoires Naturelles<\/em><\/strong>\u2026<\/p>\n\n\n\n<p>Je propose sur les&nbsp;<em><a href=\"https:\/\/deliry.com\/?page_id=9\" data-type=\"page\" data-id=\"9\">Histoires Naturelles<\/a><\/em>, depuis 1999, un recueil de connaissances ou de r\u00e9flexions naturalistes, au gr\u00e9 des envies, des hasards et des rencontres.<\/p>\n\n\n<div class=\"wp-block-image\">\n<figure class=\"alignleft size-full\"><img loading=\"lazy\" decoding=\"async\" width=\"118\" height=\"118\" src=\"https:\/\/deliry.com\/wp-content\/uploads\/2025\/04\/Aristote.png\" alt=\"\" class=\"wp-image-776\"\/><\/figure>\n<\/div>\n\n\n<p>Les <em>Histoires Naturelles<\/em> ont \u00e9t\u00e9 fond\u00e9es le 15 f\u00e9vrier 1999. Apr\u00e8s plusieurs phases et la cr\u00e9ation de nombreux documents th\u00e9matiques, je compte d\u00e9sormais me concentrer sur la <em><a href=\"https:\/\/deliry.com\/?page_id=8107\" data-type=\"page\" data-id=\"8107\">Biodiversit\u00e9 du Grand Poitou<\/a><\/em> et sur la pr\u00e9sentation des <em><a href=\"https:\/\/deliry.com\/?p=2842\" data-type=\"post\" data-id=\"2842\">Odonates du Monde<\/a><\/em>. Si mes travaux sur ces derniers ont s\u00e9rieusement d\u00e9but\u00e9 \u00e0 grande \u00e9chelle en 1995, les premi\u00e8res mises en lignes ont \u00e9t\u00e9 faites vers 2004 et r\u00e9guli\u00e8rement d\u00e9velopp\u00e9es depuis.<\/p>\n\n\n<div class=\"wp-block-image\">\n<figure class=\"alignright size-large is-resized\"><a href=\"https:\/\/deliry.com\/wp-content\/uploads\/2026\/03\/histoiresNaturelles.png\"><img loading=\"lazy\" decoding=\"async\" width=\"683\" height=\"1024\" src=\"https:\/\/deliry.com\/wp-content\/uploads\/2026\/03\/histoiresNaturelles-683x1024.png\" alt=\"\" class=\"wp-image-9773\" style=\"width:300px\" srcset=\"https:\/\/deliry.com\/wp-content\/uploads\/2026\/03\/histoiresNaturelles-683x1024.png 683w, https:\/\/deliry.com\/wp-content\/uploads\/2026\/03\/histoiresNaturelles-200x300.png 200w, https:\/\/deliry.com\/wp-content\/uploads\/2026\/03\/histoiresNaturelles-768x1152.png 768w, https:\/\/deliry.com\/wp-content\/uploads\/2026\/03\/histoiresNaturelles.png 1024w\" sizes=\"auto, (max-width: 683px) 100vw, 683px\" \/><\/a><figcaption class=\"wp-element-caption\">Zoom : cliquez sur l&rsquo;image<\/figcaption><\/figure>\n<\/div>\n\n\n<p>Les <em><em><a href=\"https:\/\/deliry.com\/?page_id=9\" data-type=\"page\" data-id=\"9\">Histoires Naturelles<\/a><\/em><\/em> r\u00e9pondent \u00e0 une dynamique personnelle et associ\u00e9e de partages avec divers naturalistes, structures ou associations dans un soucis de diffusion, validation, am\u00e9lioration de la connaissance de la Nature, des esp\u00e8ces ou leurs habitats et \u00e9l\u00e9ments de conservation, \u00e0 des fins notamment de pr\u00e9servation et de connaissance de l\u2019environnement, avec un attrait tout particulier et personnel, pour les synth\u00e8ses, les compilations ou les recherches fondamentales dans l\u2019histoire des connaissances naturalistes.<\/p>\n\n\n\n<p>Les <em><em><a href=\"https:\/\/deliry.com\/?page_id=9\" data-type=\"page\" data-id=\"9\">Histoires Naturelles<\/a><\/em> <\/em>sont aussi l&rsquo;\u00e9dition de synth\u00e8ses dont il existe au moins 70 num\u00e9ros et pr\u00e8s d&rsquo;une centaine de documents partag\u00e9s avec la communaut\u00e9 naturaliste ont \u00e9t\u00e9 publi\u00e9s.<\/p>\n\n\n\n<p class=\"has-text-align-center\">\u2749 <a href=\"https:\/\/deliry.com\/?page_id=714\" data-type=\"page\" data-id=\"714\">\u00c9ditions des Histoires Naturelles<\/a><\/p>\n\n\n\n<figure class=\"wp-block-embed is-type-wp-embed is-provider-histoires-naturelles wp-block-embed-histoires-naturelles\"><div class=\"wp-block-embed__wrapper\">\n<blockquote class=\"wp-embedded-content\" data-secret=\"ioguYPdQX4\"><a href=\"https:\/\/deliry.com\/?p=6583\">Histoires bien naturelles, le magazine : c&rsquo;est en ligne ici<\/a><\/blockquote><iframe loading=\"lazy\" class=\"wp-embedded-content\" sandbox=\"allow-scripts\" security=\"restricted\" style=\"position: absolute; visibility: hidden;\" title=\"\u00ab\u00a0Histoires bien naturelles, le magazine : c&rsquo;est en ligne ici\u00a0\u00bb &#8212; Histoires Naturelles\" src=\"https:\/\/deliry.com\/?p=6583&#038;embed=true#?secret=7LIvgnSGZF#?secret=ioguYPdQX4\" data-secret=\"ioguYPdQX4\" width=\"600\" height=\"338\" frameborder=\"0\" marginwidth=\"0\" marginheight=\"0\" scrolling=\"no\"><\/iframe>\n<\/div><\/figure>\n\n\n\n<p class=\"has-background\" style=\"background:linear-gradient(135deg,rgb(255,206,236) 46%,rgb(152,150,240) 100%)\">Coup de c\u0153ur du 16 f\u00e9vrier 2026 &#8211; Similitude entre nos noms, projets diff\u00e9rentes mais similaires : <a href=\"https:\/\/www.histoires-naturalistes.fr\/\">https:\/\/www.histoires-naturalistes.fr\/<\/a><\/p>\n\n\n\n<figure class=\"wp-block-embed is-type-wp-embed is-provider-histoires-naturelles wp-block-embed-histoires-naturelles\"><div class=\"wp-block-embed__wrapper\">\n<blockquote class=\"wp-embedded-content\" data-secret=\"JHNUUoxHcN\"><a href=\"https:\/\/deliry.com\/?p=9181\">R\u00e9novation du logo des Histoires Naturelles<\/a><\/blockquote><iframe loading=\"lazy\" class=\"wp-embedded-content\" sandbox=\"allow-scripts\" security=\"restricted\" style=\"position: absolute; visibility: hidden;\" title=\"\u00ab\u00a0R\u00e9novation du logo des Histoires Naturelles\u00a0\u00bb &#8212; Histoires Naturelles\" src=\"https:\/\/deliry.com\/?p=9181&#038;embed=true#?secret=TAwMnG5TPB#?secret=JHNUUoxHcN\" data-secret=\"JHNUUoxHcN\" width=\"600\" height=\"338\" frameborder=\"0\" marginwidth=\"0\" marginheight=\"0\" scrolling=\"no\"><\/iframe>\n<\/div><\/figure>\n\n\n<div class=\"wp-block-image\">\n<figure class=\"alignright size-full is-resized\"><img loading=\"lazy\" decoding=\"async\" width=\"512\" height=\"512\" src=\"https:\/\/deliry.com\/wp-content\/uploads\/2025\/08\/cropped-cropped-gps.webp\" alt=\"\" class=\"wp-image-8374\" style=\"width:120px\" srcset=\"https:\/\/deliry.com\/wp-content\/uploads\/2025\/08\/cropped-cropped-gps.webp 512w, https:\/\/deliry.com\/wp-content\/uploads\/2025\/08\/cropped-cropped-gps-300x300.webp 300w, https:\/\/deliry.com\/wp-content\/uploads\/2025\/08\/cropped-cropped-gps-150x150.webp 150w\" sizes=\"auto, (max-width: 512px) 100vw, 512px\" \/><\/figure>\n<\/div>\n\n\n<p class=\"has-very-light-gray-to-cyan-bluish-gray-gradient-background has-background\">Les <em><strong>Histoires Naturelles<\/strong><\/em> sont aussi une <strong>Association libre <\/strong>dont le bureau est compos\u00e9 de Cyrille Deliry et Serge Anizan. \u2013 Histoires Naturelles, 16 rue Jules Ferry, 79000 Niort \u2013 Toute participation concr\u00e8te au d\u00e9veloppement de la collection des <em>Histoires Naturelles <\/em>donne droit \u00e0 une ann\u00e9e pleine en tant que membre. Il n\u2019y a pas de cotisation \u00e0 r\u00e9gler : c\u2019est une adh\u00e9sion participative, \u00e0 renouveler autant de fois que vous participez de nouveau<sup data-fn=\"3f52c4b8-daa6-4f47-854e-fef1bd44910f\" class=\"fn\"><a href=\"#3f52c4b8-daa6-4f47-854e-fef1bd44910f\" id=\"3f52c4b8-daa6-4f47-854e-fef1bd44910f-link\">1<\/a><\/sup>.<\/p>\n\n\n\n<div class=\"wp-block-group\"><div class=\"wp-block-group__inner-container is-layout-constrained wp-block-group-is-layout-constrained\">\n<div class=\"wp-block-group is-vertical is-content-justification-right is-layout-flex wp-container-core-group-is-layout-b6c475e2 wp-block-group-is-layout-flex\">\n<p class=\"has-text-align-right\">\u2709&nbsp;<a href=\"mailto:cyrille@deliry.com\" target=\"_blank\" rel=\"noreferrer noopener\">Cyrille Deliry<\/a><\/p>\n\n\n\n<p class=\"has-text-align-right has-small-font-size\"><a href=\"https:\/\/deliry.com\/?page_id=8033\" data-type=\"page\" data-id=\"8033\">Chronique naturaliste<\/a> &#8211; <a href=\"https:\/\/deliry.com\/?p=1794\">Mes deux premi\u00e8res photographies num\u00e9riques<\/a> &#8211; <a href=\"https:\/\/deliry.com\/?p=1798\">Jubil\u00e9 des Histoires Naturelles\u2026 20 ans d\u00e9j\u00e0 !<\/a>  &#8211; <a href=\"https:\/\/deliry.com\/?p=9181\" data-type=\"post\" data-id=\"9181\">R\u00e9novation du logo des Histoires Naturelles<\/a><\/p>\n\n\n\n<p class=\"has-text-align-right has-small-font-size\"><a href=\"https:\/\/deliry.com\/?p=1969\" data-type=\"post\" data-id=\"1969\">Plus de 40 ans d&rsquo;odonatologie<\/a><\/p>\n\n\n\n<p class=\"has-text-align-right has-small-font-size\"><a href=\"https:\/\/deliry.com\/?p=1562\" data-type=\"post\" data-id=\"1562\">\u00ab\u00a0Mes\u00a0\u00bb associations<\/a> &#8211; <a href=\"https:\/\/deliry.com\/?p=681\" data-type=\"post\" data-id=\"681\">Mes r\u00e9f\u00e9rences naturalistes<\/a> &#8211; <a href=\"https:\/\/deliry.com\/?p=1595\" data-type=\"post\" data-id=\"1595\">iNaturalist<\/a> &#8211; <a href=\"https:\/\/deliry.com\/?p=7812\" data-type=\"post\" data-id=\"7812\">V\u0153ux nature<\/a> &#8211;<a href=\"https:\/\/cyrilluspurpurescens.blogspot.com\/\" target=\"_blank\" rel=\"noreferrer noopener\"> Cris pourpres et mordor\u00e9s<\/a> \u279a<\/p>\n\n\n<div class=\"wp-block-image\">\n<figure class=\"aligncenter size-full\"><img loading=\"lazy\" decoding=\"async\" width=\"454\" height=\"454\" src=\"https:\/\/deliry.com\/wp-content\/uploads\/2025\/04\/Hngps.gif\" alt=\"\" class=\"wp-image-777\"\/><\/figure>\n<\/div><\/div>\n<\/div><\/div>\n\n\n<ol class=\"wp-block-footnotes has-small-font-size\"><li id=\"3f52c4b8-daa6-4f47-854e-fef1bd44910f\"><strong>Contributions au fil du temps<\/strong> : Anizan Serge, Bal Bernard, Bazin Nicolas, Bernier Christophe, Blasco Andr\u00e9, Bricault Benjamin, Bogey Didier, Bourderionnet Guy, Braud Yoan, Brochard Christophe, Bruneau Guillaume, Charlier Philippe, David Gw\u00e9na\u00ebl, Delcourt Guillaume, Deliry Cyrille, Dubois Pascal, Dubois Yves, Faton Jean-Michel, Geniez Philippe, Genoud David, Gouret Laurent, GRPLS, Gu\u00e9rin Jean, Guillon Benoit, Hentz Jean-Laurent, Herbrecht Franck, Iborra Olivier, Jacquier C\u00e9dric, Jourde Philippe, Juliand Pierre, K\u00e9rihuel Christian, Krieg-Jacquier R\u00e9gis, Ladet Alain, Le Merrer Camille, Loose David, Marinov Milen, Morvan Tatiana, Parr Adrian, Paulson Dennis, PIssavin St\u00e9phane, Prieur Chlo\u00e9, Quesada Rapha\u00ebl, Rousse P., Sansault Eric,  Siraud Aur\u00e9lien, Souvignet Nicolas, Stefaniak Sandrine, Tassan Lionel, Traversier Julien, Vaillant Fran\u00e7ois, Vrignaud Sylvain, Ulmer Andr\u00e9, Williamson Thomas, Yerokine Michel&#8230; et j&rsquo;en oublie probablement. \u2022\u2022\u2022\u00a0<a href=\"https:\/\/deliry.com\/?p=1991\">Financement<\/a> <a href=\"#3f52c4b8-daa6-4f47-854e-fef1bd44910f-link\" aria-label=\"Aller \u00e0 la note de bas de page 1\">\u21a9\ufe0e<\/a><\/li><\/ol>\n\n\n<p class=\"has-text-align-right has-small-font-size\"><a href=\"https:\/\/deliry.com\/?page_id=953\" target=\"_blank\" rel=\"noreferrer noopener\">[\u2022|\u2022]<\/a><\/p>\n","protected":false},"excerpt":{"rendered":"<p>Accueil des Histoires Naturelles D\u00e8s 1985, nomm\u00e9es Histoires Naturelles du Grand P\u00e8re Soulcie, mes pages sont devenues tout simplement les Histoires Naturelles\u2026 Je propose sur &hellip; <\/p>\n","protected":false},"author":1,"featured_media":0,"parent":0,"menu_order":0,"comment_status":"closed","ping_status":"closed","template":"","meta":{"footnotes":"[{\"content\":\"<strong>Contributions au fil du temps<\/strong> : Anizan Serge, Bal Bernard, Bazin Nicolas, Bernier Christophe, Blasco Andr\u00e9, Bricault Benjamin, Bogey Didier, Bourderionnet Guy, Braud Yoan, Brochard Christophe, Bruneau Guillaume, Charlier Philippe, David Gw\u00e9na\u00ebl, Delcourt Guillaume, Deliry Cyrille, Dubois Pascal, Dubois Yves, Faton Jean-Michel, Geniez Philippe, Genoud David, Gouret Laurent, GRPLS, Gu\u00e9rin Jean, Guillon Benoit, Hentz Jean-Laurent, Herbrecht Franck, Iborra Olivier, Jacquier C\u00e9dric, Jourde Philippe, Juliand Pierre, K\u00e9rihuel Christian, Krieg-Jacquier R\u00e9gis, Ladet Alain, Le Merrer Camille, Loose David, Marinov Milen, Morvan Tatiana, Parr Adrian, Paulson Dennis, PIssavin St\u00e9phane, Prieur Chlo\u00e9, Quesada Rapha\u00ebl, Rousse P., Sansault Eric,  Siraud Aur\u00e9lien, Souvignet Nicolas, Stefaniak Sandrine, Tassan Lionel, Traversier Julien, Vaillant Fran\u00e7ois, Vrignaud Sylvain, Ulmer Andr\u00e9, Williamson Thomas, Yerokine Michel... et j'en oublie probablement. \u2022\u2022\u2022\u00a0<a href=\\\"https:\/\/deliry.com\/?p=1991\\\">Financement<\/a>\",\"id\":\"3f52c4b8-daa6-4f47-854e-fef1bd44910f\"}]"},"class_list":["post-775","page","type-page","status-publish","hentry"],"_links":{"self":[{"href":"https:\/\/deliry.com\/index.php?rest_route=\/wp\/v2\/pages\/775","targetHints":{"allow":["GET"]}}],"collection":[{"href":"https:\/\/deliry.com\/index.php?rest_route=\/wp\/v2\/pages"}],"about":[{"href":"https:\/\/deliry.com\/index.php?rest_route=\/wp\/v2\/types\/page"}],"author":[{"embeddable":true,"href":"https:\/\/deliry.com\/index.php?rest_route=\/wp\/v2\/users\/1"}],"replies":[{"embeddable":true,"href":"https:\/\/deliry.com\/index.php?rest_route=%2Fwp%2Fv2%2Fcomments&post=775"}],"version-history":[{"count":62,"href":"https:\/\/deliry.com\/index.php?rest_route=\/wp\/v2\/pages\/775\/revisions"}],"predecessor-version":[{"id":10143,"href":"https:\/\/deliry.com\/index.php?rest_route=\/wp\/v2\/pages\/775\/revisions\/10143"}],"wp:attachment":[{"href":"https:\/\/deliry.com\/index.php?rest_route=%2Fwp%2Fv2%2Fmedia&parent=775"}],"curies":[{"name":"wp","href":"https:\/\/api.w.org\/{rel}","templated":true}]}}