{"id":8616,"date":"2026-02-05T21:41:46","date_gmt":"2026-02-05T21:41:46","guid":{"rendered":"https:\/\/deliry.com\/?page_id=8616"},"modified":"2026-04-04T09:28:40","modified_gmt":"2026-04-04T09:28:40","slug":"vendee","status":"publish","type":"page","link":"https:\/\/deliry.com\/?page_id=8616","title":{"rendered":"Vend\u00e9e"},"content":{"rendered":"\n<p class=\"has-text-align-right\"><a href=\"https:\/\/deliry.com\/?page_id=8107\" data-type=\"page\" data-id=\"8107\">Grand Poitou<\/a><\/p>\n\n\n\n<p style=\"font-size:25px\">Flore<\/p>\n\n\n\n<ul class=\"wp-block-list\">\n<li><strong>Lloyd H. 1897<\/strong>&nbsp;&#8211;&nbsp;<em>Flore de l&rsquo;ouest de la France.<\/em>&nbsp;5e \u00e9dition. &#8211; Nantes, Guist&rsquo;hau. &#8211;&nbsp;<a href=\"https:\/\/www.biodiversitylibrary.org\/item\/44793#page\/12\/mode\/1up\" target=\"_blank\" rel=\"noreferrer noopener\">ONLINE<\/a><\/li>\n\n\n\n<li><a href=\"https:\/\/www.cbnbrest.fr\/\">Conservatoire botanique national Brest<\/a> \u279a<\/li>\n<\/ul>\n\n\n\n<p style=\"font-size:25px\">Orthopt\u00e8res<\/p>\n\n\n\n<ul class=\"wp-block-list\">\n<li><strong>B\u00e9tard F. 2021<\/strong>\u00a0&#8211; Contribution \u00e0 l&rsquo;inventaire des Orthopt\u00e8res de Vend\u00e9e. Bilan des d\u00e9couvertes r\u00e9centes et perspectives. &#8211;\u00a0<em>Le Naturaliste Vend\u00e9en,<\/em>\u00a013\u00a0: 123-131. &#8211;\u00a0<a href=\"https:\/\/www.naturalistes-vendeens.org\/wp-content\/uploads\/revue\/NV13-123-131_inventaire%20des%20orthopteres-F-Betard.pdf\" target=\"_blank\" rel=\"noreferrer noopener\">PDF LINK<\/a><\/li>\n<\/ul>\n\n\n\n<p style=\"font-size:25px\">Poissons<\/p>\n\n\n\n<p><strong><mark style=\"background-color:rgba(0, 0, 0, 0);color:#008000\" class=\"has-inline-color\">Liste rouge Pays-de-Loire, Vend\u00e9e<\/mark><\/strong> &#8211; <strong>RE<\/strong>&nbsp;&#8211;&nbsp;<em>Acipenser sturio<\/em> \u2022 <strong>CR<\/strong>&nbsp;&#8211;&nbsp;<em>Anguilla anguilla,&nbsp;Lota lota<\/em> \u2022 <strong>EN<\/strong>&nbsp;&#8211;&nbsp;<em>Alosa alosa,&nbsp;Alosa fallax&nbsp;fallax,&nbsp;Lampetra fluviatilis,&nbsp;Cobitis taenia,&nbsp;Salmo salar<\/em> \u2022 <strong>VU<\/strong>&nbsp;&#8211;&nbsp;<em>Esox lucius,&nbsp;Salmo trutta<\/em> \u2022 <strong>NT<\/strong>&nbsp;&#8211;&nbsp;<em>Barbus barbus,&nbsp;Platichthys flesus,&nbsp;Petromyzon marinus,&nbsp;Lampetra planeri,&nbsp;Alburnoides bipunctatus<\/em> \u2022 <strong>DD<\/strong>&nbsp;&#8211;&nbsp;<em>Atherina boyeri,&nbsp;Leuciscus idus,&nbsp;Osmerus eperlanus<\/em><\/p>\n\n\n\n<ul class=\"wp-block-list\">\n<li><strong>Gerard B. &amp; Mouren V. 2020<\/strong>&nbsp;&#8211;&nbsp;<em>La Liste rouge des poissons et des macro-crustac\u00e9s d\u2019eau douce des Pays de la Loire.<\/em>&nbsp;&#8211; FDPPMA.<\/li>\n<\/ul>\n\n\n\n<p style=\"font-size:25px\">Reptiles<\/p>\n\n\n<div class=\"wp-block-image\">\n<figure class=\"alignright size-full\"><img loading=\"lazy\" decoding=\"async\" width=\"80\" height=\"40\" src=\"https:\/\/deliry.com\/wp-content\/uploads\/2026\/04\/Dinosaure.jpg\" alt=\"\" class=\"wp-image-11162\"\/><\/figure>\n<\/div>\n\n\n<p>La Plage de la R\u00e9publique \u00e0 Talmont-sur-Hilaire (Vend\u00e9e) rec\u00e8le des traces de pas de&nbsp;Dinosaures&nbsp;\u0166, mis \u00e0 nus par l&rsquo;\u00e9rosion progressive. Leur r\u00e9cup\u00e9ration est interdite (amende lourde&nbsp;!) et il convient de contacter les structures locales en cas de d\u00e9couverte particuli\u00e8re (proc\u00e9dure \u00e0 adopter&nbsp;:&nbsp;<a href=\"https:\/\/www.sentinelledelestuaire.fr\/?p=2827\">[1]<\/a> \u279a).<\/p>\n\n\n\n<figure class=\"wp-block-embed is-type-wp-embed is-provider-histoires-naturelles wp-block-embed-histoires-naturelles\"><div class=\"wp-block-embed__wrapper\">\n<blockquote class=\"wp-embedded-content\" data-secret=\"8W0ckgVJk6\"><a href=\"https:\/\/deliry.com\/?p=1983\">Parc Naturel Marin de l\u2019Estuaire de la Gironde et de la mer des Pertuis<\/a><\/blockquote><iframe loading=\"lazy\" class=\"wp-embedded-content\" sandbox=\"allow-scripts\" security=\"restricted\" style=\"position: absolute; visibility: hidden;\" title=\"\u00ab\u00a0Parc Naturel Marin de l\u2019Estuaire de la Gironde et de la mer des Pertuis\u00a0\u00bb &#8212; Histoires Naturelles\" src=\"https:\/\/deliry.com\/?p=1983&#038;embed=true#?secret=Zvh2Kc0U8V#?secret=8W0ckgVJk6\" data-secret=\"8W0ckgVJk6\" width=\"600\" height=\"338\" frameborder=\"0\" marginwidth=\"0\" marginheight=\"0\" scrolling=\"no\"><\/iframe>\n<\/div><\/figure>\n","protected":false},"excerpt":{"rendered":"<p>Grand Poitou Flore Orthopt\u00e8res Poissons Liste rouge Pays-de-Loire, Vend\u00e9e &#8211; RE&nbsp;&#8211;&nbsp;Acipenser sturio \u2022 CR&nbsp;&#8211;&nbsp;Anguilla anguilla,&nbsp;Lota lota \u2022 EN&nbsp;&#8211;&nbsp;Alosa alosa,&nbsp;Alosa fallax&nbsp;fallax,&nbsp;Lampetra fluviatilis,&nbsp;Cobitis taenia,&nbsp;Salmo salar \u2022 VU&nbsp;&#8211;&nbsp;Esox &hellip; <\/p>\n","protected":false},"author":1,"featured_media":0,"parent":0,"menu_order":0,"comment_status":"closed","ping_status":"closed","template":"","meta":{"footnotes":""},"class_list":["post-8616","page","type-page","status-publish","hentry"],"_links":{"self":[{"href":"https:\/\/deliry.com\/index.php?rest_route=\/wp\/v2\/pages\/8616","targetHints":{"allow":["GET"]}}],"collection":[{"href":"https:\/\/deliry.com\/index.php?rest_route=\/wp\/v2\/pages"}],"about":[{"href":"https:\/\/deliry.com\/index.php?rest_route=\/wp\/v2\/types\/page"}],"author":[{"embeddable":true,"href":"https:\/\/deliry.com\/index.php?rest_route=\/wp\/v2\/users\/1"}],"replies":[{"embeddable":true,"href":"https:\/\/deliry.com\/index.php?rest_route=%2Fwp%2Fv2%2Fcomments&post=8616"}],"version-history":[{"count":6,"href":"https:\/\/deliry.com\/index.php?rest_route=\/wp\/v2\/pages\/8616\/revisions"}],"predecessor-version":[{"id":11165,"href":"https:\/\/deliry.com\/index.php?rest_route=\/wp\/v2\/pages\/8616\/revisions\/11165"}],"wp:attachment":[{"href":"https:\/\/deliry.com\/index.php?rest_route=%2Fwp%2Fv2%2Fmedia&parent=8616"}],"curies":[{"name":"wp","href":"https:\/\/api.w.org\/{rel}","templated":true}]}}