{"id":8732,"date":"2026-02-05T23:42:37","date_gmt":"2026-02-05T23:42:37","guid":{"rendered":"https:\/\/deliry.com\/?page_id=8732"},"modified":"2026-03-26T17:48:19","modified_gmt":"2026-03-26T17:48:19","slug":"vienne","status":"publish","type":"page","link":"https:\/\/deliry.com\/?page_id=8732","title":{"rendered":"Vienne"},"content":{"rendered":"\n<blockquote class=\"wp-block-quote is-layout-flow wp-block-quote-is-layout-flow\">\n<p><a href=\"https:\/\/deliry.com\/?page_id=8107\" data-type=\"page\" data-id=\"8107\">Grand Poitou<\/a><\/p>\n<\/blockquote>\n\n\n\n<p style=\"font-size:25px\">Flore<\/p>\n\n\n\n<ul class=\"wp-block-list\">\n<li><strong>Souche B. 1894<\/strong>\u00a0&#8211;\u00a0<em>Flore du Haut-Poitou dans les d\u00e9partements des Deux-S\u00e8vres et de la Vienne.<\/em>\u00a0&#8211; Niort\u00a0: 372 pp.<\/li>\n<\/ul>\n\n\n\n<p style=\"font-size:25px\">Bryophytes<\/p>\n\n\n\n<ul class=\"wp-block-list\">\n<li><strong>Barbier A. 1973<\/strong>\u00a0&#8211; Contribution \u00e0 l&rsquo;\u00e9tude de la bryoflore du d\u00e9partement de la Vienne. &#8211;\u00a0<em>Soc. Bot. du Centre-Ouest, revue de la f\u00e9d. fr. des Sc. Nat.,<\/em>\u00a012 (50)\u00a0: 1-44. &#8211;\u00a0<a href=\"http:\/\/www.sbco.fr\/download\/6325\/\" target=\"_blank\" rel=\"noreferrer noopener\">PDF LINK<\/a><\/li>\n<\/ul>\n","protected":false},"excerpt":{"rendered":"<p>Grand Poitou Flore Bryophytes<\/p>\n","protected":false},"author":1,"featured_media":0,"parent":0,"menu_order":0,"comment_status":"closed","ping_status":"closed","template":"","meta":{"footnotes":""},"class_list":["post-8732","page","type-page","status-publish","hentry"],"_links":{"self":[{"href":"https:\/\/deliry.com\/index.php?rest_route=\/wp\/v2\/pages\/8732","targetHints":{"allow":["GET"]}}],"collection":[{"href":"https:\/\/deliry.com\/index.php?rest_route=\/wp\/v2\/pages"}],"about":[{"href":"https:\/\/deliry.com\/index.php?rest_route=\/wp\/v2\/types\/page"}],"author":[{"embeddable":true,"href":"https:\/\/deliry.com\/index.php?rest_route=\/wp\/v2\/users\/1"}],"replies":[{"embeddable":true,"href":"https:\/\/deliry.com\/index.php?rest_route=%2Fwp%2Fv2%2Fcomments&post=8732"}],"version-history":[{"count":3,"href":"https:\/\/deliry.com\/index.php?rest_route=\/wp\/v2\/pages\/8732\/revisions"}],"predecessor-version":[{"id":9970,"href":"https:\/\/deliry.com\/index.php?rest_route=\/wp\/v2\/pages\/8732\/revisions\/9970"}],"wp:attachment":[{"href":"https:\/\/deliry.com\/index.php?rest_route=%2Fwp%2Fv2%2Fmedia&parent=8732"}],"curies":[{"name":"wp","href":"https:\/\/api.w.org\/{rel}","templated":true}]}}