{"id":9852,"date":"2026-05-08T20:42:00","date_gmt":"2026-05-08T20:42:00","guid":{"rendered":"https:\/\/deliry.com\/?page_id=9852"},"modified":"2026-05-08T20:42:23","modified_gmt":"2026-05-08T20:42:23","slug":"biodiversite-en-rhone-alpes","status":"publish","type":"page","link":"https:\/\/deliry.com\/?page_id=9852","title":{"rendered":"Biodiversit\u00e9 en Rh\u00f4ne-Alpes"},"content":{"rendered":"\n<blockquote class=\"wp-block-quote is-layout-flow wp-block-quote-is-layout-flow\">\n<p><a href=\"https:\/\/deliry.com\/?page_id=9\" data-type=\"page\" data-id=\"9\">Accueil des Histoires Naturelles<\/a><\/p>\n\n\n\n<p><a href=\"https:\/\/deliry.com\/?page_id=9940\" data-type=\"page\" data-id=\"9940\">France<\/a><\/p>\n<\/blockquote>\n\n\n<div class=\"wp-block-image\">\n<figure class=\"alignright size-full\"><img loading=\"lazy\" decoding=\"async\" width=\"150\" height=\"165\" src=\"https:\/\/deliry.com\/wp-content\/uploads\/2026\/05\/Ralpesblas.png\" alt=\"\" class=\"wp-image-12174\"\/><\/figure>\n<\/div>\n\n\n<p class=\"has-text-align-center has-pale-ocean-gradient-background has-background\">Ain &#8211; <a href=\"https:\/\/deliry.com\/?page_id=8598\" data-type=\"page\" data-id=\"8598\">Ard\u00e8che<\/a> &#8211; <a href=\"https:\/\/deliry.com\/?p=10536\" data-type=\"post\" data-id=\"10536\">Dr\u00f4me<\/a> &#8211; <a href=\"https:\/\/deliry.com\/?page_id=9950\" data-type=\"page\" data-id=\"9950\">Is\u00e8re<\/a> &#8211; <a href=\"https:\/\/deliry.com\/?page_id=8883\" data-type=\"page\" data-id=\"8883\">Loire<\/a> &#8211; <a href=\"https:\/\/deliry.com\/?p=10503\" data-type=\"post\" data-id=\"10503\">Rh\u00f4ne<\/a> &#8211; Savoie &#8211; <a href=\"https:\/\/deliry.com\/?p=10940\" data-type=\"post\" data-id=\"10940\">Haute-Savoie<\/a> &#8211; <a href=\"https:\/\/deliry.com\/?page_id=9951\" data-type=\"page\" data-id=\"9951\">Isle Cr\u00e9mieu<\/a><\/p>\n\n\n\n<figure class=\"wp-block-embed is-type-wp-embed is-provider-histoires-naturelles wp-block-embed-histoires-naturelles\"><div class=\"wp-block-embed__wrapper\">\n<blockquote class=\"wp-embedded-content\" data-secret=\"U6r6LWw1yx\"><a href=\"https:\/\/deliry.com\/?p=6419\">Listes rouges Flore-Fonge-Faune en Auvergne Rh\u00f4ne-Alpes<\/a><\/blockquote><iframe loading=\"lazy\" class=\"wp-embedded-content\" sandbox=\"allow-scripts\" security=\"restricted\" style=\"position: absolute; visibility: hidden;\" title=\"\u00ab\u00a0Listes rouges Flore-Fonge-Faune en Auvergne Rh\u00f4ne-Alpes\u00a0\u00bb &#8212; Histoires Naturelles\" src=\"https:\/\/deliry.com\/?p=6419&#038;embed=true#?secret=4zQhGyFEsE#?secret=U6r6LWw1yx\" data-secret=\"U6r6LWw1yx\" width=\"600\" height=\"338\" frameborder=\"0\" marginwidth=\"0\" marginheight=\"0\" scrolling=\"no\"><\/iframe>\n<\/div><\/figure>\n\n\n\n<p style=\"font-size:25px\">Flore<\/p>\n\n\n\n<ul class=\"wp-block-list\">\n<li><strong>Deliry C. 2013<\/strong>&nbsp;&#8211;&nbsp;<em>Flore et Faune tr\u00e8s rare des Zones Humides dans la r\u00e9gion Rh\u00f4ne-Alpes.<\/em>&nbsp;&#8211; Histoires Naturelles n\u00b031 (1\u00e8re \u00e9dition 2008). &#8211;&nbsp;<a href=\"https:\/\/deliry.com\/pdf\/hn31.pdf\" target=\"_blank\" rel=\"noreferrer noopener\">PDF<\/a><\/li>\n\n\n\n<li><strong>Deliry C. 2013<\/strong>&nbsp;\u2013&nbsp;<em>Liste et statut des Plantes vasculaires de la r\u00e9gion Rh\u00f4ne-Alpes.<\/em>&nbsp;\u2013 Histoires Naturelles n\u00b029. &#8211;&nbsp;<a href=\"https:\/\/deliry.com\/pdf\/hn29.pdf\" target=\"_blank\" rel=\"noreferrer noopener\">PDF<\/a><\/li>\n\n\n\n<li><strong>Deliry C., Grangier C. &amp; Quesada R. 2004<\/strong>&nbsp;&#8211;<em> Catalogue des plantes vasculaires de l\u2019Isle Cr\u00e9mieu.<\/em> &#8211; Ed. Assoc. Nature Nord Is\u00e8re, Lo Parvi, St Chef&nbsp;: XC + 358 pp. &#8211;&nbsp;<a href=\"https:\/\/deliry.com\/pdf\/fic.pdf\" target=\"_blank\" rel=\"noreferrer noopener\">PDF<\/a><\/li>\n\n\n\n<li><strong>Magnin A. 1895<\/strong>&nbsp;&#8211;&nbsp;<em>Annotations et additions aux Flores du Jura et du Lyonnais. S\u00e9ances de 1893 \u00e0 1895.<\/em>&nbsp;&#8211; Disponible en ligne.<\/li>\n\n\n\n<li><strong>Saint-Lager J.B. 1883<\/strong>&nbsp;&#8211;&nbsp;<em>Catalogue des plantes vasculaires de la flore du bassin du Rh\u00f4ne.<\/em>&nbsp;&#8211; Libr. Georg., Lyon.&nbsp;<a href=\"https:\/\/www.biodiversitylibrary.org\/bibliography\/12053\">ONLINE<\/a><\/li>\n\n\n\n<li><a href=\"http:\/\/fmbds.org\/liste-rouge\/\" target=\"_blank\" rel=\"noreferrer noopener\">F\u00e9d\u00e9ration mycologique et botanique Dauphin\u00e9-Savoie<\/a> &nbsp;\u279a<\/li>\n<\/ul>\n\n\n\n<div class=\"wp-block-group has-background\" style=\"background-color:#eeeeee\"><div class=\"wp-block-group__inner-container is-layout-constrained wp-block-group-is-layout-constrained\">\n<p class=\"has-background\" id=\"Mycologie\" style=\"background:linear-gradient(304deg,rgb(238,238,238) 0%,rgb(169,184,195) 100%);font-size:25px\">Mycologie<\/p>\n\n\n\n<p><em>Liste Rouge des Champignons d&rsquo;Auvergne Rh\u00f4ne-Alpes (2023)<\/em><\/p>\n\n\n\n<p><strong>RE <\/strong>&#8211; <em>Arpina inops &#8211; Gyrometra sphaerospora<\/em> &#8211; <strong>CR<\/strong> \u2013 <em>Amanita emilii &#8211; Butyrea luteoalba &#8211; Clavulina amethystina &#8211; Cortinarius alpicola var. salicis-herbacea &#8211; Cortinarius caesionigrellus &#8211; Cortinarius glaucopus var. submagicus &#8211; Cortinarius musciphilus &#8211; Cortinarius pruinatus &#8211; Cortinarius rufostriatus &#8211; Cortinarius subiliopodius &#8211; Daleomyces phillipsii &#8211; Gyromitra microspora &#8211; Helvella macrosperma &#8211; Heydenia alpina &#8211; Hygrophorus calophyllus &#8211; Hygrophorus queletii &#8211; Inocybe bivela &#8211; Inocybe mundula &#8211; Lactarius helodes &#8211; Lactarius salicis-reticulatae &#8211; Laricifomes officinalis &#8211; Mallocybe paludosa &#8211; Mallocybe pelargoniodora &#8211; Mallocybe solidipes &#8211; Phaeoclavulina roellinii &#8211; Russula helodes &#8211; Russula rhodopus var. pseudohelodes &#8211; Russula scotica &#8211; Scytinostromella heterogenea &#8211; Skeletocutis stellae &#8211; Tulasnella pruinosa &#8211; Vararia hauerslevii &#8211; Xylobolus frustulatus<\/em> &#8211; <strong>EN <\/strong>(299 esp\u00e8ces) &#8211; <strong>VU <\/strong>(51) &#8211; <strong>LC <\/strong>(1291) &#8211; <strong>DD <\/strong>(1701)<\/p>\n\n\n\n<ul class=\"wp-block-list\">\n<li><a href=\"http:\/\/fmbds.org\/liste-rouge\/\" target=\"_blank\" rel=\"noreferrer noopener\">F\u00e9d\u00e9ration mycologique et botanique Dauphin\u00e9-Savoie<\/a> &nbsp;\u279a<\/li>\n<\/ul>\n<\/div><\/div>\n\n\n\n<div style=\"height:12px\" aria-hidden=\"true\" class=\"wp-block-spacer\"><\/div>\n\n\n\n<p style=\"font-size:25px\">Poissons<\/p>\n\n\n\n<ul class=\"wp-block-list\">\n<li><strong>Deliry C. 2017<\/strong>&nbsp;&#8211;&nbsp;<em>Catalogue des Poissons de Rh\u00f4ne-Alpes.<\/em>&nbsp;&#8211; Histoires Naturelles n\u00b03 (Premi\u00e8re \u00e9dition 2009). &#8211;&nbsp;<a href=\"https:\/\/deliry.com\/pdf\/hn3.pdf\">PDF<\/a><\/li>\n\n\n\n<li><strong>Perrin J.F. 2010<\/strong>&nbsp;\u2013 Poissons d\u2019eau douce&nbsp;: un vingti\u00e8me si\u00e8cle tr\u00e8s troubl\u00e9. \u2013&nbsp;<em>Bull. Soc. Linn. Lyon,<\/em>&nbsp;hs n\u00b02&nbsp;: 1-9.<\/li>\n<\/ul>\n\n\n\n<p style=\"font-size:25px\">Mammif\u00e8res<\/p>\n\n\n\n<ul class=\"wp-block-list\">\n<li><strong>Ariagno D. 2010<\/strong>&nbsp;&#8211; Grands traits de l&rsquo;\u00e9volution du peuplement de mammif\u00e8res rhonalpins depuis 40 ans. &#8211;&nbsp;<em>Bull. Soc. linn. Lyon,<\/em>&nbsp;hors-s\u00e9rie n\u00b02&nbsp;: 98-106. &#8211;&nbsp;<a href=\"https:\/\/www.persee.fr\/doc\/linly_0366-1326_2010_hos_2_1_13756\" target=\"_blank\" rel=\"noreferrer noopener\">ONLINE<\/a><\/li>\n<\/ul>\n","protected":false},"excerpt":{"rendered":"<p>Accueil des Histoires Naturelles France Ain &#8211; Ard\u00e8che &#8211; Dr\u00f4me &#8211; Is\u00e8re &#8211; Loire &#8211; Rh\u00f4ne &#8211; Savoie &#8211; Haute-Savoie &#8211; Isle Cr\u00e9mieu Flore Mycologie &hellip; <\/p>\n","protected":false},"author":1,"featured_media":0,"parent":0,"menu_order":0,"comment_status":"closed","ping_status":"closed","template":"","meta":{"footnotes":""},"class_list":["post-9852","page","type-page","status-publish","hentry"],"_links":{"self":[{"href":"https:\/\/deliry.com\/index.php?rest_route=\/wp\/v2\/pages\/9852","targetHints":{"allow":["GET"]}}],"collection":[{"href":"https:\/\/deliry.com\/index.php?rest_route=\/wp\/v2\/pages"}],"about":[{"href":"https:\/\/deliry.com\/index.php?rest_route=\/wp\/v2\/types\/page"}],"author":[{"embeddable":true,"href":"https:\/\/deliry.com\/index.php?rest_route=\/wp\/v2\/users\/1"}],"replies":[{"embeddable":true,"href":"https:\/\/deliry.com\/index.php?rest_route=%2Fwp%2Fv2%2Fcomments&post=9852"}],"version-history":[{"count":30,"href":"https:\/\/deliry.com\/index.php?rest_route=\/wp\/v2\/pages\/9852\/revisions"}],"predecessor-version":[{"id":12176,"href":"https:\/\/deliry.com\/index.php?rest_route=\/wp\/v2\/pages\/9852\/revisions\/12176"}],"wp:attachment":[{"href":"https:\/\/deliry.com\/index.php?rest_route=%2Fwp%2Fv2%2Fmedia&parent=9852"}],"curies":[{"name":"wp","href":"https:\/\/api.w.org\/{rel}","templated":true}]}}