{"id":9940,"date":"2026-05-08T20:40:09","date_gmt":"2026-05-08T20:40:09","guid":{"rendered":"https:\/\/deliry.com\/?page_id=9940"},"modified":"2026-05-08T20:40:09","modified_gmt":"2026-05-08T20:40:09","slug":"biodiversite-en-france","status":"publish","type":"page","link":"https:\/\/deliry.com\/?page_id=9940","title":{"rendered":"Biodiversit\u00e9 en France"},"content":{"rendered":"\n<blockquote class=\"wp-block-quote is-layout-flow wp-block-quote-is-layout-flow\">\n<p><a href=\"https:\/\/deliry.com\/?page_id=9\" data-type=\"page\" data-id=\"9\">Accueil des Histoires Naturelles<\/a><\/p>\n<\/blockquote>\n\n\n\n<p class=\"has-text-align-center has-background\" id=\"biodiversite\" style=\"background:linear-gradient(170deg,rgb(238,238,238) 48%,rgb(169,184,195) 94%);font-size:25px;font-style:normal;font-weight:100\"><a href=\"https:\/\/deliry.com\/?page_id=8107\" data-type=\"page\" data-id=\"8107\">Biodiversit\u00e9 du Grand Poitou<\/a> &#8211; <a href=\"https:\/\/deliry.com\/?page_id=9852\" data-type=\"page\" data-id=\"9852\">Rh\u00f4ne-Alpes<\/a> &#8211; <a href=\"https:\/\/deliry.com\/?page_id=9989\" data-type=\"page\" data-id=\"9989\">Dauphin\u00e9<\/a> &#8211; <a href=\"https:\/\/deliry.com\/?page_id=9951\">Isle Cr\u00e9mieu<\/a><\/p>\n\n\n\n<p class=\"has-text-align-center\"><a href=\"https:\/\/deliry.com\/?page_id=10480\" data-type=\"page\" data-id=\"10480\">Limousin<\/a> &#8211; <a href=\"https:\/\/deliry.com\/?page_id=8636\" data-type=\"page\" data-id=\"8636\">Auvergne<\/a> &#8211; <a href=\"https:\/\/deliry.com\/?page_id=10079\" data-type=\"page\" data-id=\"10079\">Grande Provence<\/a> &#8211; Corse<\/p>\n\n\n\n<p style=\"font-size:25px\">Insectes<\/p>\n\n\n\n<div class=\"wp-block-media-text is-stacked-on-mobile\" style=\"grid-template-columns:25% auto\"><figure class=\"wp-block-media-text__media\"><img loading=\"lazy\" decoding=\"async\" width=\"240\" height=\"240\" src=\"https:\/\/deliry.com\/wp-content\/uploads\/2026\/04\/Opiemp.png\" alt=\"\" class=\"wp-image-11099 size-full\" srcset=\"https:\/\/deliry.com\/wp-content\/uploads\/2026\/04\/Opiemp.png 240w, https:\/\/deliry.com\/wp-content\/uploads\/2026\/04\/Opiemp-150x150.png 150w\" sizes=\"auto, (max-width: 240px) 100vw, 240px\" \/><\/figure><div class=\"wp-block-media-text__content\">\n<p><a href=\"https:\/\/opie-mp.fr\/\">Nouveau site Internet de l&rsquo;Opie Midi-Pyr\u00e9n\u00e9es<\/a> \u279a<\/p>\n<\/div><\/div>\n\n\n\n<p style=\"font-size:25px\">L\u00e9pidopt\u00e8res<\/p>\n\n\n\n<ul class=\"wp-block-list\">\n<li><strong>Hentz J.L., D&rsquo;Hondt J.P. &amp; Daugusts P. 2022<\/strong>\u00a0&#8211;\u00a0<em>Guide photographique des papillons de jour et zyg\u00e8nes de France.<\/em>\u00a0&#8211; \u00e9d. Gard Nature\u00a0: 512 pp.<\/li>\n<\/ul>\n\n\n\n<p style=\"font-size:25px\">Odonates<\/p>\n\n\n\n<figure class=\"wp-block-embed is-type-wp-embed is-provider-histoires-naturelles wp-block-embed-histoires-naturelles\"><div class=\"wp-block-embed__wrapper\">\n<blockquote class=\"wp-embedded-content\" data-secret=\"uzi0lR2Gzf\"><a href=\"https:\/\/deliry.com\/?p=11363\">Projet europ\u00e9en Dragon : Odonates et fonctionnement des Zones Humides<\/a><\/blockquote><iframe loading=\"lazy\" class=\"wp-embedded-content\" sandbox=\"allow-scripts\" security=\"restricted\" style=\"position: absolute; visibility: hidden;\" title=\"\u00ab\u00a0Projet europ\u00e9en Dragon : Odonates et fonctionnement des Zones Humides\u00a0\u00bb &#8212; Histoires Naturelles\" src=\"https:\/\/deliry.com\/?p=11363&#038;embed=true#?secret=eFZ7rrHvuF#?secret=uzi0lR2Gzf\" data-secret=\"uzi0lR2Gzf\" width=\"600\" height=\"338\" frameborder=\"0\" marginwidth=\"0\" marginheight=\"0\" scrolling=\"no\"><\/iframe>\n<\/div><\/figure>\n\n\n\n<p style=\"font-size:25px\">Oiseaux<\/p>\n\n\n\n<figure class=\"wp-block-embed is-type-wp-embed is-provider-histoires-naturelles wp-block-embed-histoires-naturelles\"><div class=\"wp-block-embed__wrapper\">\n<blockquote class=\"wp-embedded-content\" data-secret=\"nXHitKRD5J\"><a href=\"https:\/\/deliry.com\/?p=10099\">Notes d&rsquo;ornithologie fran\u00e7aise au gr\u00e8s de quelques lectures<\/a><\/blockquote><iframe loading=\"lazy\" class=\"wp-embedded-content\" sandbox=\"allow-scripts\" security=\"restricted\" style=\"position: absolute; visibility: hidden;\" title=\"\u00ab\u00a0Notes d&rsquo;ornithologie fran\u00e7aise au gr\u00e8s de quelques lectures\u00a0\u00bb &#8212; Histoires Naturelles\" src=\"https:\/\/deliry.com\/?p=10099&#038;embed=true#?secret=CkdcebnySO#?secret=nXHitKRD5J\" data-secret=\"nXHitKRD5J\" width=\"600\" height=\"338\" frameborder=\"0\" marginwidth=\"0\" marginheight=\"0\" scrolling=\"no\"><\/iframe>\n<\/div><\/figure>\n","protected":false},"excerpt":{"rendered":"<p>Accueil des Histoires Naturelles Biodiversit\u00e9 du Grand Poitou &#8211; Rh\u00f4ne-Alpes &#8211; Dauphin\u00e9 &#8211; Isle Cr\u00e9mieu Limousin &#8211; Auvergne &#8211; Grande Provence &#8211; Corse Insectes Nouveau &hellip; <\/p>\n","protected":false},"author":1,"featured_media":0,"parent":0,"menu_order":0,"comment_status":"closed","ping_status":"closed","template":"","meta":{"footnotes":""},"class_list":["post-9940","page","type-page","status-publish","hentry"],"_links":{"self":[{"href":"https:\/\/deliry.com\/index.php?rest_route=\/wp\/v2\/pages\/9940","targetHints":{"allow":["GET"]}}],"collection":[{"href":"https:\/\/deliry.com\/index.php?rest_route=\/wp\/v2\/pages"}],"about":[{"href":"https:\/\/deliry.com\/index.php?rest_route=\/wp\/v2\/types\/page"}],"author":[{"embeddable":true,"href":"https:\/\/deliry.com\/index.php?rest_route=\/wp\/v2\/users\/1"}],"replies":[{"embeddable":true,"href":"https:\/\/deliry.com\/index.php?rest_route=%2Fwp%2Fv2%2Fcomments&post=9940"}],"version-history":[{"count":14,"href":"https:\/\/deliry.com\/index.php?rest_route=\/wp\/v2\/pages\/9940\/revisions"}],"predecessor-version":[{"id":12173,"href":"https:\/\/deliry.com\/index.php?rest_route=\/wp\/v2\/pages\/9940\/revisions\/12173"}],"wp:attachment":[{"href":"https:\/\/deliry.com\/index.php?rest_route=%2Fwp%2Fv2%2Fmedia&parent=9940"}],"curies":[{"name":"wp","href":"https:\/\/api.w.org\/{rel}","templated":true}]}}