{"id":9989,"date":"2026-04-02T07:36:38","date_gmt":"2026-04-02T07:36:38","guid":{"rendered":"https:\/\/deliry.com\/?page_id=9989"},"modified":"2026-04-02T07:36:38","modified_gmt":"2026-04-02T07:36:38","slug":"dauphine","status":"publish","type":"page","link":"https:\/\/deliry.com\/?page_id=9989","title":{"rendered":"Dauphin\u00e9"},"content":{"rendered":"\n<blockquote class=\"wp-block-quote is-layout-flow wp-block-quote-is-layout-flow\">\n<p><a href=\"https:\/\/deliry.com\/?page_id=9\" data-type=\"page\" data-id=\"9\">Accueil des Histoires Naturelles<\/a><\/p>\n\n\n\n<p><a href=\"https:\/\/deliry.com\/?page_id=9940\" data-type=\"page\" data-id=\"9940\">France<\/a> &gt; <a href=\"https:\/\/deliry.com\/?page_id=9852\" data-type=\"page\" data-id=\"9852\">Rh\u00f4ne-Alpes<\/a> &#8211; <a href=\"https:\/\/deliry.com\/?page_id=10079\" data-type=\"page\" data-id=\"10079\">Grande Provence<\/a><\/p>\n<\/blockquote>\n\n\n\n<p class=\"has-text-align-center has-pale-ocean-gradient-background has-background\"><a href=\"https:\/\/deliry.com\/?page_id=8571\" data-type=\"page\" data-id=\"8571\">Hautes-Alpes<\/a> &#8211; <a href=\"https:\/\/deliry.com\/?p=10536\" data-type=\"post\" data-id=\"10536\">Dr\u00f4me<\/a> &#8211; <a href=\"https:\/\/deliry.com\/?page_id=9950\" data-type=\"page\" data-id=\"9950\">Is\u00e8re<\/a><\/p>\n\n\n<div class=\"wp-block-image\">\n<figure class=\"alignleft size-full is-resized\"><a href=\"https:\/\/deliry.com\/wp-content\/uploads\/2026\/04\/Allobrogie.jpg\"><img loading=\"lazy\" decoding=\"async\" width=\"519\" height=\"599\" src=\"https:\/\/deliry.com\/wp-content\/uploads\/2026\/04\/Allobrogie.jpg\" alt=\"\" class=\"wp-image-10813\" style=\"width:300px\" srcset=\"https:\/\/deliry.com\/wp-content\/uploads\/2026\/04\/Allobrogie.jpg 519w, https:\/\/deliry.com\/wp-content\/uploads\/2026\/04\/Allobrogie-260x300.jpg 260w\" sizes=\"auto, (max-width: 519px) 100vw, 519px\" \/><\/a><figcaption class=\"wp-element-caption\">Allobrogie<\/figcaption><\/figure>\n<\/div>\n\n\n<p>Le Dauphin\u00e9 est une ancienne province fran\u00e7aise de l\u2019Ancien R\u00e9gime, form\u00e9e vers 1285, avec pour ville principale Grenoble. Apr\u00e8s la R\u00e9volution fran\u00e7aise, il a \u00e9t\u00e9 d\u00e9coup\u00e9 en trois d\u00e9partements en 1790 :<\/p>\n\n\n\n<p>Ces trois d\u00e9partements correspondent donc aujourd\u2019hui au territoire historique du Dauphin\u00e9. Il s\u2019agit du Dauphin\u00e9 du Viennois (Delphinatus viennensis), alors un \u00e9tat sous l\u2019autorit\u00e9 des comtes d\u2019Albons, qui prirent le titre de dauphins au XIIe si\u00e8cle, r\u00e9gion dont la dimension d\u00e9finitive a \u00e9t\u00e9 prise au XVe si\u00e8cle. Quelques secteurs proches du d\u00e9partement du Rh\u00f4ne ont \u00e9t\u00e9 rattach\u00e9s \u00e0 ce d\u00e9partement notamment au XXe si\u00e8cle. Une partie en Italie entre Bardon\u00e8che et Fenestrelle a \u00e9t\u00e9 perdue en 1713 au profit du duch\u00e9 du Savoie. Quant \u00e0 la Prinpaut\u00e9 d\u2019Orange, r\u00e9unie au Dauphin\u00e9 en 1734, avait \u00e9t\u00e9 d\u00e9j\u00e0 c\u00e9d\u00e9e en 1713. Celle-ci entre dans le d\u00e9partement du Vaucluse en 1793. La capitale des Allobroges \u00e9tait \u00e0 Vienne. Cette r\u00e9gion est gallo-romaine, bien avant les conqu\u00eates des C\u00e9sar et Vienne est rapidement une des plus importantes cit\u00e9es de la Gaule. Les comtes d\u2019Albon \u00e9tendent leur influence d\u00e8s le XIe si\u00e8cle. La capitale est Grenoble, plut\u00f4t que Vienne, choix strat\u00e9gique qui donne une dimension alpine au Dauphin\u00e9. En 1349, la r\u00e9gion entre dans le Royaume de France. En 1788, la r\u00e9union des \u00e9tats g\u00e9n\u00e9raux du Dauphin\u00e9, r\u00e9unis dans la salle du jeu de Paume du Ch\u00e2teau de Vizille est le pr\u00e9lude de la R\u00e9volution, comme un pr\u00e9liminaire en petit, naissance de la France actuelle.<\/p>\n\n\n<div class=\"wp-block-image\">\n<figure class=\"aligncenter size-large is-resized\"><a href=\"https:\/\/deliry.com\/wp-content\/uploads\/2026\/04\/Dauphine.png\"><img loading=\"lazy\" decoding=\"async\" width=\"1024\" height=\"925\" src=\"https:\/\/deliry.com\/wp-content\/uploads\/2026\/04\/Dauphine-1024x925.png\" alt=\"\" class=\"wp-image-10814\" style=\"width:400px\" srcset=\"https:\/\/deliry.com\/wp-content\/uploads\/2026\/04\/Dauphine-1024x925.png 1024w, https:\/\/deliry.com\/wp-content\/uploads\/2026\/04\/Dauphine-300x271.png 300w, https:\/\/deliry.com\/wp-content\/uploads\/2026\/04\/Dauphine-768x694.png 768w, https:\/\/deliry.com\/wp-content\/uploads\/2026\/04\/Dauphine.png 1135w\" sizes=\"auto, (max-width: 1024px) 100vw, 1024px\" \/><\/a><figcaption class=\"wp-element-caption\">Carte de la province du Dauphin\u00e9 montrant les limites des communes et les d\u00e9partements actuels<br><sup>\u00a9\u00a9 bysa \u2013 Oie blanche \u2013 Wikimedia commons<\/sup><\/figcaption><\/figure>\n<\/div>\n\n\n<figure class=\"wp-block-embed is-type-wp-embed is-provider-histoires-naturelles wp-block-embed-histoires-naturelles\"><div class=\"wp-block-embed__wrapper\">\n<blockquote class=\"wp-embedded-content\" data-secret=\"k2t1YjZRwl\"><a href=\"https:\/\/deliry.com\/?p=192\">Odonatologie dans les Hautes-Alpes<\/a><\/blockquote><iframe loading=\"lazy\" class=\"wp-embedded-content\" sandbox=\"allow-scripts\" security=\"restricted\" style=\"position: absolute; visibility: hidden;\" title=\"\u00ab\u00a0Odonatologie dans les Hautes-Alpes\u00a0\u00bb &#8212; Histoires Naturelles\" src=\"https:\/\/deliry.com\/?p=192&#038;embed=true#?secret=3ivileElfb#?secret=k2t1YjZRwl\" data-secret=\"k2t1YjZRwl\" width=\"600\" height=\"338\" frameborder=\"0\" marginwidth=\"0\" marginheight=\"0\" scrolling=\"no\"><\/iframe>\n<\/div><\/figure>\n\n\n\n<p style=\"font-size:25px\">Mycologie<\/p>\n\n\n\n<ul class=\"wp-block-list\">\n<li><a href=\"http:\/\/fmbds.org\/liste-rouge\/\" target=\"_blank\" rel=\"noreferrer noopener\">F\u00e9d\u00e9ration mycologique et botanique Dauphin\u00e9-Savoie<\/a> &nbsp;\u279a<\/li>\n<\/ul>\n","protected":false},"excerpt":{"rendered":"<p>Accueil des Histoires Naturelles France &gt; Rh\u00f4ne-Alpes &#8211; Grande Provence Hautes-Alpes &#8211; Dr\u00f4me &#8211; Is\u00e8re Le Dauphin\u00e9 est une ancienne province fran\u00e7aise de l\u2019Ancien R\u00e9gime, &hellip; <\/p>\n","protected":false},"author":1,"featured_media":0,"parent":0,"menu_order":0,"comment_status":"closed","ping_status":"closed","template":"","meta":{"footnotes":""},"class_list":["post-9989","page","type-page","status-publish","hentry"],"_links":{"self":[{"href":"https:\/\/deliry.com\/index.php?rest_route=\/wp\/v2\/pages\/9989","targetHints":{"allow":["GET"]}}],"collection":[{"href":"https:\/\/deliry.com\/index.php?rest_route=\/wp\/v2\/pages"}],"about":[{"href":"https:\/\/deliry.com\/index.php?rest_route=\/wp\/v2\/types\/page"}],"author":[{"embeddable":true,"href":"https:\/\/deliry.com\/index.php?rest_route=\/wp\/v2\/users\/1"}],"replies":[{"embeddable":true,"href":"https:\/\/deliry.com\/index.php?rest_route=%2Fwp%2Fv2%2Fcomments&post=9989"}],"version-history":[{"count":9,"href":"https:\/\/deliry.com\/index.php?rest_route=\/wp\/v2\/pages\/9989\/revisions"}],"predecessor-version":[{"id":10815,"href":"https:\/\/deliry.com\/index.php?rest_route=\/wp\/v2\/pages\/9989\/revisions\/10815"}],"wp:attachment":[{"href":"https:\/\/deliry.com\/index.php?rest_route=%2Fwp%2Fv2%2Fmedia&parent=9989"}],"curies":[{"name":"wp","href":"https:\/\/api.w.org\/{rel}","templated":true}]}}