{"id":183,"date":"2026-03-10T09:35:03","date_gmt":"2026-03-10T09:35:03","guid":{"rendered":"https:\/\/deliry.com\/svt\/?page_id=183"},"modified":"2026-03-10T09:35:03","modified_gmt":"2026-03-10T09:35:03","slug":"laboratoire","status":"publish","type":"page","link":"https:\/\/deliry.com\/svt\/laboratoire\/","title":{"rendered":"Laboratoire"},"content":{"rendered":"\n<p class=\"has-text-align-center\">\u2022\u2022\u2022&nbsp;8 GROUPES pour chaque groupe classe \u2022\u2022\u2022<\/p>\n\n\n\n<p class=\"has-text-align-center has-large-font-size\">Les binos et plaques de Drosophiles peuvent \u00eatre rang\u00e9es. Merci.<\/p>\n\n\n\n<figure class=\"wp-block-table\"><table><thead><tr><th>Dates<br><strong>mars 2026<\/strong><\/th><th class=\"has-text-align-center\" data-align=\"center\">Secondes<br>et mat\u00e9riel<\/th><th class=\"has-text-align-center\" data-align=\"center\"><mark style=\"background-color:rgba(0, 0, 0, 0)\" class=\"has-inline-color has-theme-palette-1-color\">Terminales EsC<br>et mat\u00e9riel<\/mark><\/th><\/tr><\/thead><tbody><tr><td><\/td><td class=\"has-text-align-center\" data-align=\"center\">Lundi 16 mars (matin et apr\u00e8s-midi) 2J et 2I<br>mardi 17 mars (matin) 2H<br>vendredi 20 mars (apr\u00e8s-midi) 2F<br>Lundi 22 mars (matin et apr\u00e8s-midi) 2J et 2I<br>mardi 23 mars (matin) 2H<br>vendredi 27 mars (apr\u00e8s-midi) 2F<\/td><td class=\"has-text-align-center\" data-align=\"center\"><mark style=\"background-color:rgba(0, 0, 0, 0)\" class=\"has-inline-color has-theme-palette-1-color\">Mercredi 18 mars (matin) TA<\/mark><\/td><\/tr><tr><td><strong>Mat\u00e9riel<\/strong><\/td><td class=\"has-text-align-center\" data-align=\"center\"><em><strong><mark style=\"background-color:rgba(0, 0, 0, 0);color:#008000\" class=\"has-inline-color\">\u00c9TUDE du GRANITE et son ALT\u00c9RATION<\/mark><\/strong><\/em><br><em>Tu peux pr\u00e9parer en deux \u00e9tape<\/em>s<br>En gras prioritaire pour la premi\u00e8re s\u00e9ance (16 au 20 mars) puis ajouter le reste pour la seconde s\u00e9ance si pas eu de le temps (22 au 27 mars)<br><br>&#8211; \u00c9chantillons : <strong>granite sain, granite alt\u00e9r\u00e9, ar\u00e8ne granitique<\/strong>, gabbro, rhyolithe, basalte (de pr\u00e9f\u00e9rence v\u00e9siculeux et\/ou \u00e0 olivine)<br>&#8211; <strong>Microscopes polarisants<\/strong> (ou syst\u00e8me de polarisation = 2 filtres)<br>&#8211; Lames mince : <strong>granite, gabbro, p\u00e9ridotite<\/strong>, rhyolithe, basalte et si disponible granite alt\u00e9r\u00e9<br>&#8211; Cartes g\u00e9ologique :<strong> France et locales<\/strong> (en priorit\u00e9 Niort, Cherbourg si disponibles)<br>&#8211; Si carte poster France que je peux afficher \u00e0 la classe, bienvenue<\/td><td class=\"has-text-align-center\" data-align=\"center\"><mark style=\"background-color:rgba(0, 0, 0, 0)\" class=\"has-inline-color has-theme-palette-1-color\">RAS<br>Classe enti\u00e8re<\/mark><\/td><\/tr><tr><td><\/td><td class=\"has-text-align-center\" data-align=\"center\"><\/td><td class=\"has-text-align-center\" data-align=\"center\"><mark style=\"background-color:rgba(0, 0, 0, 0)\" class=\"has-inline-color has-theme-palette-1-color\">Mercredi 24 mars<br>(matin) TA<\/mark><\/td><\/tr><tr><td><strong>Mat\u00e9riel<\/strong><\/td><td class=\"has-text-align-center\" data-align=\"center\"><em>Voir plus haut<\/em><\/td><td class=\"has-text-align-center\" data-align=\"center\"><mark style=\"background-color:rgba(0, 0, 0, 0)\" class=\"has-inline-color has-theme-palette-1-color\"><em>Groupes<\/em><br><strong>A suivre&#8230;<\/strong><\/mark><\/td><\/tr><\/tbody><\/table><\/figure>\n\n\n<div class=\"wp-block-image is-style-default\">\n<figure class=\"aligncenter size-full is-resized\"><img loading=\"lazy\" decoding=\"async\" width=\"700\" height=\"400\" src=\"https:\/\/deliry.com\/svt\/wp-content\/uploads\/2025\/11\/image-36.png\" alt=\"\" class=\"wp-image-1165\" style=\"width:400px\" srcset=\"https:\/\/deliry.com\/svt\/wp-content\/uploads\/2025\/11\/image-36.png 700w, https:\/\/deliry.com\/svt\/wp-content\/uploads\/2025\/11\/image-36-300x171.png 300w\" sizes=\"auto, (max-width: 700px) 100vw, 700px\" \/><figcaption class=\"wp-element-caption\">Ambiance du Carbonif\u00e8re<\/figcaption><\/figure><\/div>\n\n\n<div style=\"height:12px\" aria-hidden=\"true\" class=\"wp-block-spacer\"><\/div>\n\n\n\n<p class=\"has-text-align-right\" style=\"font-size:8px\">Notes pers. : \u261e <a href=\"https:\/\/deliry.com\/svt\/ts\/\" data-type=\"page\" data-id=\"393\">Pages les \u00e9l\u00e8ves des s\u00e9ances des 5, 7 et 14 novembre 2025<\/a><\/p>\n","protected":false},"excerpt":{"rendered":"<p>\u2022\u2022\u2022&nbsp;8 GROUPES pour chaque groupe classe \u2022\u2022\u2022 Les binos et plaques de Drosophiles peuvent \u00eatre rang\u00e9es. Merci. Datesmars 2026 Secondeset mat\u00e9riel Terminales EsCet mat\u00e9riel Lundi 16 mars (matin et apr\u00e8s-midi) 2J et 2Imardi 17 mars (matin) 2Hvendredi 20 mars (apr\u00e8s-midi) 2FLundi 22 mars (matin et apr\u00e8s-midi) 2J et 2Imardi 23 mars (matin) 2Hvendredi 27 mars&#8230;<\/p>\n","protected":false},"author":1,"featured_media":0,"parent":0,"menu_order":0,"comment_status":"closed","ping_status":"closed","template":"","meta":{"_kad_post_transparent":"","_kad_post_title":"","_kad_post_layout":"","_kad_post_sidebar_id":"","_kad_post_content_style":"","_kad_post_vertical_padding":"","_kad_post_feature":"","_kad_post_feature_position":"","_kad_post_header":false,"_kad_post_footer":false,"footnotes":""},"class_list":["post-183","page","type-page","status-publish","hentry"],"_links":{"self":[{"href":"https:\/\/deliry.com\/svt\/wp-json\/wp\/v2\/pages\/183","targetHints":{"allow":["GET"]}}],"collection":[{"href":"https:\/\/deliry.com\/svt\/wp-json\/wp\/v2\/pages"}],"about":[{"href":"https:\/\/deliry.com\/svt\/wp-json\/wp\/v2\/types\/page"}],"author":[{"embeddable":true,"href":"https:\/\/deliry.com\/svt\/wp-json\/wp\/v2\/users\/1"}],"replies":[{"embeddable":true,"href":"https:\/\/deliry.com\/svt\/wp-json\/wp\/v2\/comments?post=183"}],"version-history":[{"count":19,"href":"https:\/\/deliry.com\/svt\/wp-json\/wp\/v2\/pages\/183\/revisions"}],"predecessor-version":[{"id":1428,"href":"https:\/\/deliry.com\/svt\/wp-json\/wp\/v2\/pages\/183\/revisions\/1428"}],"wp:attachment":[{"href":"https:\/\/deliry.com\/svt\/wp-json\/wp\/v2\/media?parent=183"}],"curies":[{"name":"wp","href":"https:\/\/api.w.org\/{rel}","templated":true}]}}